{"id":2833,"date":"2023-03-02T11:06:24","date_gmt":"2023-03-02T11:06:24","guid":{"rendered":"https:\/\/bari-emballage.com\/production\/?page_id=2833"},"modified":"2023-03-22T11:06:50","modified_gmt":"2023-03-22T11:06:50","slug":"qui-sommes-nous","status":"publish","type":"page","link":"https:\/\/bari-emballage.com\/production\/qui-sommes-nous\/","title":{"rendered":"Qui Sommes-Nous"},"content":{"rendered":"<div class=\"fusion-fullwidth fullwidth-box fusion-builder-row-1 fusion-flex-container nonhundred-percent-fullwidth non-hundred-percent-height-scrolling\" style=\"background-color: rgba(255,255,255,0);background-position: center center;background-repeat: no-repeat;border-width: 0px 0px 0px 0px;border-color:#eae9e9;border-style:solid;\" ><div class=\"fusion-builder-row fusion-row fusion-flex-align-items-flex-start\" style=\"max-width:1216.8px;margin-left: calc(-4% \/ 2 );margin-right: calc(-4% \/ 2 );\"><div class=\"fusion-layout-column fusion_builder_column fusion-builder-column-0 fusion_builder_column_1_1 1_1 fusion-flex-column\"><div class=\"fusion-column-wrapper fusion-flex-justify-content-flex-start fusion-content-layout-column\" style=\"background-position:left top;background-repeat:no-repeat;-webkit-background-size:cover;-moz-background-size:cover;-o-background-size:cover;background-size:cover;padding: 0px 0px 0px 0px;\"><style type=\"text\/css\">@media only screen and (max-width:1024px) {.fusion-title.fusion-title-1{margin-top:0px!important; margin-right:0px!important;margin-bottom:20px!important;margin-left:0px!important;}}@media only screen and (max-width:640px) {.fusion-title.fusion-title-1{margin-top:0px!important; margin-right:0px!important;margin-bottom:10px!important; margin-left:0px!important;}}<\/style><div class=\"fusion-title title fusion-title-1 fusion-sep-none fusion-title-center fusion-title-text fusion-title-size-two\" style=\"margin-top:0px;margin-right:0px;margin-bottom:20px;margin-left:0px;\"><h2 class=\"title-heading-center fusion-responsive-typography-calculated\" style=\"margin:0;color:#000000;--fontSize:32;line-height:1.31;\">QUI SOMMES-NOUS?<\/h2><\/div><div class=\"fusion-text fusion-text-1\" style=\"color:#000000;\"><p>SARL BARI EMBALLAGE assure l&#8217;ensemble des \u00e9tapes de transformation de l&#8217;assemblage des feuilles, impression, pliage, fa\u00e7onnage, d\u00e9coupe et conditionnement.<\/p>\n<p>La ma\u00eetrise de l&#8217;ensemble du processus nous permet de d\u00e9livrer des produits conformes \u00e0 vos exigences de qualit\u00e9 et de d\u00e9lai. Apr\u00e8s la r\u00e9ception de votre RFQ nous vous proposons de visionner votre produit fini en 3D avant sa r\u00e9alisation.<\/p>\n<p>BARI EMBALLAGE vous accompagne dans le d\u00e9veloppement de votre image de marque en vous conf\u00e9rant une valeur ajout\u00e9e en termes communication et marketing.<\/p>\n<\/div><style type=\"text\/css\">@media only screen and (max-width:1024px) {.fusion-title.fusion-title-2{margin-top:0px!important; margin-right:0px!important;margin-bottom:20px!important;margin-left:0px!important;}}@media only screen and (max-width:640px) {.fusion-title.fusion-title-2{margin-top:0px!important; margin-right:0px!important;margin-bottom:10px!important; margin-left:0px!important;}}<\/style><div class=\"fusion-title title fusion-title-2 fusion-sep-none fusion-title-center fusion-title-text fusion-title-size-two\" style=\"margin-top:0px;margin-right:0px;margin-bottom:20px;margin-left:0px;\"><h2 class=\"title-heading-center fusion-responsive-typography-calculated\" style=\"margin:0;--fontSize:32;line-height:1.31;\">Petite histoire de la fabrication du papier kraft<\/h2><\/div><div class=\"fusion-text fusion-text-2\"><p>Le papier kraft est reconnu pour sa forte r\u00e9sistance. On l&#8217;utilise pour les emballages, les grandes enveloppes, pour la peinture et le dessin, pour doubler les sacs de ciment, de pl\u00e2tre et d&#8217;engrais. Mais aussi dans l&#8217;industrie pour la fabrication de f\u00fbts fibre destin\u00e9s au conditionnement, au transport et au stockage de produits secs, p\u00e2teux, semi-liquides et liquides. Pas \u00e9tonnant qu&#8217;il tire son nom du mot allemand kraft qui signifie force.<\/p>\n<p>Ce papier mis au point par l&#8217;Allemand DAHL \u00e0 la fin du XIX\u00e8me si\u00e8cle est le plus souvent utilis\u00e9 dans sa couleur naturelle, mais on le retrouve aussi en blanc en noir ou de couleur pour des usages plus cr\u00e9atifs dans l&#8217;\u00e9dition, les beaux-arts ou la fabrication de papiers cadeaux.<\/p>\n<p>Dans sa version kraft gomm\u00e9 , il permet, en l&#8217;humidifiant, de renforcer des angles, de boucher des trous ou d&#8217;assembler des cartons.<\/p>\n<p>Lorsqu&#8217;il sert \u00e0 recouvrir un meuble en carton, le papier kraft peut cacher les d\u00e9fauts du carton et les raccords de kraft gomm\u00e9, il peut \u00eatre imperm\u00e9abilis\u00e9, peint, lasur\u00e9.<\/p>\n<\/div><style type=\"text\/css\">@media only screen and (max-width:1024px) {.fusion-title.fusion-title-3{margin-top:0px!important; margin-right:0px!important;margin-bottom:20px!important;margin-left:0px!important;}}@media only screen and (max-width:640px) {.fusion-title.fusion-title-3{margin-top:0px!important; margin-right:0px!important;margin-bottom:10px!important; margin-left:0px!important;}}<\/style><div class=\"fusion-title title fusion-title-3 fusion-sep-none fusion-title-center fusion-title-text fusion-title-size-two\" style=\"margin-top:0px;margin-right:0px;margin-bottom:20px;margin-left:0px;\"><h2 class=\"title-heading-center fusion-responsive-typography-calculated\" style=\"margin:0;--fontSize:32;line-height:1.31;\">L&#8217;ENVIRONNEMENT AU COEUR DE NOTRE STRAT\u00c9GIE<\/h2><\/div><div class=\"fusion-text fusion-text-3\"><p>Depuis la s\u00e9lection rigoureuse des mati\u00e8res premi\u00e8res, jusqu&#8217;\u00e0 la logistique de livraison \u00e0 nos clients, la pr\u00e9occupation environnementale est omnipr\u00e9sente dans la strat\u00e9gie et l&#8217;organisation de la soci\u00e9t\u00e9 BARI EMBALLAGE.<\/p>\n<p>Le sac en papier est, et reste encore aujourd&#8217;hui, le SEUL contenant totalement recyclable et biod\u00e9gradable. BARI EMBALLAGE s\u00e9lectionne donc des papiers contribuant \u00e0 la protection de l&#8217;environnement.<\/p>\n<p>De plus, BARI EMBALLAGE utilise pour la r\u00e9alisation des impressions, des encres et des colles exclusivement \u00e0 base aqueuses, \u00e9cologiques, aptes au contact alimentaire.<\/p>\n<\/div><div class=\"fusion-video fusion-youtube\" style=\"max-width:600px;max-height:360px;align-self:center; width:100%\" data-autoplay=\"1\"><div class=\"video-shortcode\"><lite-youtube videoid=\"nvByR5RLCt0\" params=\"wmode=transparent&autoplay=1\" title=\"YouTube video player 1\"><\/lite-youtube><\/div><\/div><\/div><style type=\"text\/css\">.fusion-body .fusion-builder-column-0{width:100% !important;margin-top : 0px;margin-bottom : 0px;}.fusion-builder-column-0 > .fusion-column-wrapper {padding-top : 0px !important;padding-right : 0px !important;margin-right : 1.92%;padding-bottom : 0px !important;padding-left : 0px !important;margin-left : 1.92%;}@media only screen and (max-width:1024px) {.fusion-body .fusion-builder-column-0{width:100% !important;order : 0;}.fusion-builder-column-0 > .fusion-column-wrapper {margin-right : 1.92%;margin-left : 1.92%;}}@media only screen and (max-width:640px) {.fusion-body .fusion-builder-column-0{width:100% !important;order : 0;}.fusion-builder-column-0 > .fusion-column-wrapper {margin-right : 1.92%;margin-left : 1.92%;}}<\/style><\/div><\/div><style type=\"text\/css\">.fusion-body .fusion-flex-container.fusion-builder-row-1{ padding-top : 0px;margin-top : 40px;padding-right : 0px;padding-bottom : 40px;margin-bottom : 0px;padding-left : 0px;}<\/style><\/div><div class=\"fusion-fullwidth fullwidth-box fusion-builder-row-2 fusion-flex-container nonhundred-percent-fullwidth non-hundred-percent-height-scrolling\" style=\"background-color: rgba(255,255,255,0);background-position: center center;background-repeat: no-repeat;border-width: 0px 0px 0px 0px;border-color:#eae9e9;border-style:solid;\" ><div class=\"fusion-builder-row fusion-row fusion-flex-align-items-flex-start\" style=\"max-width:1216.8px;margin-left: calc(-4% \/ 2 );margin-right: calc(-4% \/ 2 );\"><div class=\"fusion-layout-column fusion_builder_column fusion-builder-column-1 fusion_builder_column_1_1 1_1 fusion-flex-column\"><div class=\"fusion-column-wrapper fusion-flex-justify-content-flex-start fusion-content-layout-column\" style=\"background-position:left top;background-repeat:no-repeat;-webkit-background-size:cover;-moz-background-size:cover;-o-background-size:cover;background-size:cover;padding: 0px 0px 0px 0px;\"><style type=\"text\/css\">@media only screen and (max-width:1024px) {.fusion-title.fusion-title-4{margin-top:0px!important; margin-right:0px!important;margin-bottom:20px!important;margin-left:0px!important;}}@media only screen and (max-width:640px) {.fusion-title.fusion-title-4{margin-top:0px!important; margin-right:0px!important;margin-bottom:10px!important; margin-left:0px!important;}}<\/style><div class=\"fusion-title title fusion-title-4 fusion-sep-none fusion-title-center fusion-title-text fusion-title-size-two\" style=\"margin-top:0px;margin-right:0px;margin-bottom:20px;margin-left:0px;\"><h2 class=\"title-heading-center fusion-responsive-typography-calculated\" style=\"margin:0;color:#000000;--fontSize:32;line-height:1.31;\">QUI SOMMES-NOUS?<\/h2><\/div><div class=\"fusion-text fusion-text-4\" style=\"color:#000000;\"><p>SARL BARI EMBALLAGE assure l&#8217;ensemble des \u00e9tapes de transformation de l&#8217;assemblage des feuilles, impression, pliage, fa\u00e7onnage, d\u00e9coupe et conditionnement.<\/p>\n<p>La ma\u00eetrise de l&#8217;ensemble du processus nous permet de d\u00e9livrer des produits conformes \u00e0 vos exigences de qualit\u00e9 et de d\u00e9lai. Apr\u00e8s la r\u00e9ception de votre RFQ nous vous proposons de visionner votre produit fini en 3D avant sa r\u00e9alisation.<\/p>\n<p>BARI EMBALLAGE vous accompagne dans le d\u00e9veloppement de votre image de marque en vous conf\u00e9rant une valeur ajout\u00e9e en termes communication et marketing.<\/p>\n<\/div><div class=\"fusion-video fusion-selfhosted-video\" style=\"margin-bottom:60px;max-width:100%;\"><div class=\"video-wrapper fusion-video-overlay\" style=\"border-radius:20px 20px 0px 0px;box-shadow:5px 10px 0px 0px #743f13;;background-color:rgba(200,153,97,0.5);\"><video playsinline=\"true\" width=\"100%\" style=\"object-fit: cover;\" autoplay=\"true\" muted=\"true\" loop=\"true\" poster=\"https:\/\/bari-emballage.com\/production\/wp-content\/uploads\/2023\/03\/image_viber_2023-03-15_11-52-28-812.jpg\" preload=\"auto\" controls=\"1\"><source src=\"https:\/\/bari-emballage.com\/production\/wp-content\/uploads\/2023\/03\/0-02-03-b3c5e8196307b302a35dced2c5aad6628abf0e6bef2648dffca04fe14e6db88e_e36911aa94a82c86-1.mp4\" type=\"video\/mp4\">Sorry, your browser doesn&#039;t support embedded videos.<\/video><\/div><\/div><style type=\"text\/css\">@media only screen and (max-width:1024px) {.fusion-title.fusion-title-5{margin-top:0px!important; margin-right:0px!important;margin-bottom:20px!important;margin-left:0px!important;}}@media only screen and (max-width:640px) {.fusion-title.fusion-title-5{margin-top:0px!important; margin-right:0px!important;margin-bottom:10px!important; margin-left:0px!important;}}<\/style><div class=\"fusion-title title fusion-title-5 fusion-sep-none fusion-title-center fusion-title-text fusion-title-size-two\" style=\"margin-top:0px;margin-right:0px;margin-bottom:20px;margin-left:0px;\"><h2 class=\"title-heading-center fusion-responsive-typography-calculated\" style=\"margin:0;--fontSize:32;line-height:1.31;\">Petite histoire de la fabrication du papier kraft<\/h2><\/div><div class=\"fusion-text fusion-text-5\"><p>Le papier kraft est reconnu pour sa forte r\u00e9sistance. On l&#8217;utilise pour les emballages, les grandes enveloppes, pour la peinture et le dessin, pour doubler les sacs de ciment, de pl\u00e2tre et d&#8217;engrais. Mais aussi dans l&#8217;industrie pour la fabrication de f\u00fbts fibre destin\u00e9s au conditionnement, au transport et au stockage de produits secs, p\u00e2teux, semi-liquides et liquides. Pas \u00e9tonnant qu&#8217;il tire son nom du mot allemand kraft qui signifie force.<\/p>\n<p>Ce papier mis au point par l&#8217;Allemand DAHL \u00e0 la fin du XIX\u00e8me si\u00e8cle est le plus souvent utilis\u00e9 dans sa couleur naturelle, mais on le retrouve aussi en blanc en noir ou de couleur pour des usages plus cr\u00e9atifs dans l&#8217;\u00e9dition, les beaux-arts ou la fabrication de papiers cadeaux.<\/p>\n<p>Dans sa version kraft gomm\u00e9 , il permet, en l&#8217;humidifiant, de renforcer des angles, de boucher des trous ou d&#8217;assembler des cartons.<\/p>\n<p>Lorsqu&#8217;il sert \u00e0 recouvrir un meuble en carton, le papier kraft peut cacher les d\u00e9fauts du carton et les raccords de kraft gomm\u00e9, il peut \u00eatre imperm\u00e9abilis\u00e9, peint, lasur\u00e9.<\/p>\n<\/div><style type=\"text\/css\">@media only screen and (max-width:1024px) {.fusion-title.fusion-title-6{margin-top:0px!important; margin-right:0px!important;margin-bottom:20px!important;margin-left:0px!important;}}@media only screen and (max-width:640px) {.fusion-title.fusion-title-6{margin-top:0px!important; margin-right:0px!important;margin-bottom:10px!important; margin-left:0px!important;}}<\/style><div class=\"fusion-title title fusion-title-6 fusion-sep-none fusion-title-center fusion-title-text fusion-title-size-two\" style=\"margin-top:0px;margin-right:0px;margin-bottom:20px;margin-left:0px;\"><h2 class=\"title-heading-center fusion-responsive-typography-calculated\" style=\"margin:0;--fontSize:32;line-height:1.31;\">L&#8217;ENVIRONNEMENT AU COEUR DE NOTRE STRAT\u00c9GIE<\/h2><\/div><div class=\"fusion-text fusion-text-6\"><p>Depuis la s\u00e9lection rigoureuse des mati\u00e8res premi\u00e8res, jusqu&#8217;\u00e0 la logistique de livraison \u00e0 nos clients, la pr\u00e9occupation environnementale est omnipr\u00e9sente dans la strat\u00e9gie et l&#8217;organisation de la soci\u00e9t\u00e9 BARI EMBALLAGE.<\/p>\n<p>Le sac en papier est, et reste encore aujourd&#8217;hui, le SEUL contenant totalement recyclable et biod\u00e9gradable. BARI EMBALLAGE s\u00e9lectionne donc des papiers contribuant \u00e0 la protection de l&#8217;environnement.<\/p>\n<p>De plus, BARI EMBALLAGE utilise pour la r\u00e9alisation des impressions, des encres et des colles exclusivement \u00e0 base aqueuses, \u00e9cologiques, aptes au contact alimentaire.<\/p>\n<\/div><\/div><style type=\"text\/css\">.fusion-body .fusion-builder-column-1{width:100% !important;margin-top : 0px;margin-bottom : 0px;}.fusion-builder-column-1 > .fusion-column-wrapper {padding-top : 0px !important;padding-right : 0px !important;margin-right : 1.92%;padding-bottom : 0px !important;padding-left : 0px !important;margin-left : 1.92%;}@media only screen and (max-width:1024px) {.fusion-body .fusion-builder-column-1{width:100% !important;order : 0;}.fusion-builder-column-1 > .fusion-column-wrapper {margin-right : 1.92%;margin-left : 1.92%;}}@media only screen and (max-width:640px) {.fusion-body .fusion-builder-column-1{width:100% !important;order : 0;}.fusion-builder-column-1 > .fusion-column-wrapper {margin-right : 1.92%;margin-left : 1.92%;}}<\/style><\/div><\/div><style type=\"text\/css\">.fusion-body .fusion-flex-container.fusion-builder-row-2{ padding-top : 0px;margin-top : 0px;padding-right : 0px;padding-bottom : 0px;margin-bottom : 0px;padding-left : 0px;}<\/style><\/div>\n","protected":false},"excerpt":{"rendered":"QUI SOMMES-NOUS?SARL BARI EMBALLAGE assure l'ensemble des \u00e9tapes de transformation de l'assemblage des feuilles, impression, pliage, fa\u00e7onnage, d\u00e9coupe et conditionnement. La ma\u00eetrise de l'ensemble du processus nous permet de d\u00e9livrer des produits conformes \u00e0 vos exigences de qualit\u00e9 et de d\u00e9lai. Apr\u00e8s la r\u00e9ception de votre RFQ nous vous proposons de visionner votre produit fini [...]","protected":false},"author":1,"featured_media":0,"parent":0,"menu_order":0,"comment_status":"closed","ping_status":"closed","template":"","meta":{"footnotes":""},"class_list":["post-2833","page","type-page","status-publish","hentry"],"yoast_head":"<!-- This site is optimized with the Yoast SEO plugin v20.1 - https:\/\/yoast.com\/wordpress\/plugins\/seo\/ -->\n<title>Qui Sommes-Nous - BARI EMBALLAGE<\/title>\n<meta name=\"robots\" content=\"index, follow, max-snippet:-1, max-image-preview:large, max-video-preview:-1\" \/>\n<link rel=\"canonical\" href=\"https:\/\/bari-emballage.com\/production\/qui-sommes-nous\/\" \/>\n<meta property=\"og:locale\" content=\"fr_FR\" \/>\n<meta property=\"og:type\" content=\"article\" \/>\n<meta property=\"og:title\" content=\"Qui Sommes-Nous - BARI EMBALLAGE\" \/>\n<meta property=\"og:url\" content=\"https:\/\/bari-emballage.com\/production\/qui-sommes-nous\/\" \/>\n<meta property=\"og:site_name\" content=\"BARI EMBALLAGE\" \/>\n<meta property=\"article:modified_time\" content=\"2023-03-22T11:06:50+00:00\" \/>\n<meta property=\"og:image\" content=\"https:\/\/bari-emballage.com\/production\/wp-content\/uploads\/2022\/02\/cropped-home-product-bg-2-2.png\" \/>\n\t<meta property=\"og:image:width\" content=\"512\" \/>\n\t<meta property=\"og:image:height\" content=\"512\" \/>\n\t<meta property=\"og:image:type\" content=\"image\/png\" \/>\n<meta name=\"twitter:card\" content=\"summary_large_image\" \/>\n<meta name=\"twitter:label1\" content=\"Dur\u00e9e de lecture estim\u00e9e\" \/>\n\t<meta name=\"twitter:data1\" content=\"9 minutes\" \/>\n<script type=\"application\/ld+json\" class=\"yoast-schema-graph\">{\"@context\":\"https:\/\/schema.org\",\"@graph\":[{\"@type\":\"WebPage\",\"@id\":\"https:\/\/bari-emballage.com\/production\/qui-sommes-nous\/\",\"url\":\"https:\/\/bari-emballage.com\/production\/qui-sommes-nous\/\",\"name\":\"Qui Sommes-Nous - BARI EMBALLAGE\",\"isPartOf\":{\"@id\":\"https:\/\/bari-emballage.com\/production\/#website\"},\"datePublished\":\"2023-03-02T11:06:24+00:00\",\"dateModified\":\"2023-03-22T11:06:50+00:00\",\"breadcrumb\":{\"@id\":\"https:\/\/bari-emballage.com\/production\/qui-sommes-nous\/#breadcrumb\"},\"inLanguage\":\"fr-FR\",\"potentialAction\":[{\"@type\":\"ReadAction\",\"target\":[\"https:\/\/bari-emballage.com\/production\/qui-sommes-nous\/\"]}]},{\"@type\":\"BreadcrumbList\",\"@id\":\"https:\/\/bari-emballage.com\/production\/qui-sommes-nous\/#breadcrumb\",\"itemListElement\":[{\"@type\":\"ListItem\",\"position\":1,\"name\":\"Accueil\",\"item\":\"https:\/\/bari-emballage.com\/production\/\"},{\"@type\":\"ListItem\",\"position\":2,\"name\":\"Qui Sommes-Nous\"}]},{\"@type\":\"WebSite\",\"@id\":\"https:\/\/bari-emballage.com\/production\/#website\",\"url\":\"https:\/\/bari-emballage.com\/production\/\",\"name\":\"BARI EMBALLAGE\",\"description\":\"Leader du sac en papier publicitaire en Alg\u00e9rie\",\"publisher\":{\"@id\":\"https:\/\/bari-emballage.com\/production\/#organization\"},\"potentialAction\":[{\"@type\":\"SearchAction\",\"target\":{\"@type\":\"EntryPoint\",\"urlTemplate\":\"https:\/\/bari-emballage.com\/production\/?s={search_term_string}\"},\"query-input\":\"required name=search_term_string\"}],\"inLanguage\":\"fr-FR\"},{\"@type\":\"Organization\",\"@id\":\"https:\/\/bari-emballage.com\/production\/#organization\",\"name\":\"BARI EMBALLAGE\",\"url\":\"https:\/\/bari-emballage.com\/production\/\",\"logo\":{\"@type\":\"ImageObject\",\"inLanguage\":\"fr-FR\",\"@id\":\"https:\/\/bari-emballage.com\/production\/#\/schema\/logo\/image\/\",\"url\":\"https:\/\/bari-emballage.com\/production\/wp-content\/uploads\/2022\/02\/cropped-home-product-bg-2-2.png\",\"contentUrl\":\"https:\/\/bari-emballage.com\/production\/wp-content\/uploads\/2022\/02\/cropped-home-product-bg-2-2.png\",\"width\":512,\"height\":512,\"caption\":\"BARI EMBALLAGE\"},\"image\":{\"@id\":\"https:\/\/bari-emballage.com\/production\/#\/schema\/logo\/image\/\"}}]}<\/script>\n<!-- \/ Yoast SEO plugin. -->","yoast_head_json":{"title":"Qui Sommes-Nous - BARI EMBALLAGE","robots":{"index":"index","follow":"follow","max-snippet":"max-snippet:-1","max-image-preview":"max-image-preview:large","max-video-preview":"max-video-preview:-1"},"canonical":"https:\/\/bari-emballage.com\/production\/qui-sommes-nous\/","og_locale":"fr_FR","og_type":"article","og_title":"Qui Sommes-Nous - BARI EMBALLAGE","og_url":"https:\/\/bari-emballage.com\/production\/qui-sommes-nous\/","og_site_name":"BARI EMBALLAGE","article_modified_time":"2023-03-22T11:06:50+00:00","og_image":[{"width":512,"height":512,"url":"https:\/\/bari-emballage.com\/production\/wp-content\/uploads\/2022\/02\/cropped-home-product-bg-2-2.png","type":"image\/png"}],"twitter_card":"summary_large_image","twitter_misc":{"Dur\u00e9e de lecture estim\u00e9e":"9 minutes"},"schema":{"@context":"https:\/\/schema.org","@graph":[{"@type":"WebPage","@id":"https:\/\/bari-emballage.com\/production\/qui-sommes-nous\/","url":"https:\/\/bari-emballage.com\/production\/qui-sommes-nous\/","name":"Qui Sommes-Nous - BARI EMBALLAGE","isPartOf":{"@id":"https:\/\/bari-emballage.com\/production\/#website"},"datePublished":"2023-03-02T11:06:24+00:00","dateModified":"2023-03-22T11:06:50+00:00","breadcrumb":{"@id":"https:\/\/bari-emballage.com\/production\/qui-sommes-nous\/#breadcrumb"},"inLanguage":"fr-FR","potentialAction":[{"@type":"ReadAction","target":["https:\/\/bari-emballage.com\/production\/qui-sommes-nous\/"]}]},{"@type":"BreadcrumbList","@id":"https:\/\/bari-emballage.com\/production\/qui-sommes-nous\/#breadcrumb","itemListElement":[{"@type":"ListItem","position":1,"name":"Accueil","item":"https:\/\/bari-emballage.com\/production\/"},{"@type":"ListItem","position":2,"name":"Qui Sommes-Nous"}]},{"@type":"WebSite","@id":"https:\/\/bari-emballage.com\/production\/#website","url":"https:\/\/bari-emballage.com\/production\/","name":"BARI EMBALLAGE","description":"Leader du sac en papier publicitaire en Alg\u00e9rie","publisher":{"@id":"https:\/\/bari-emballage.com\/production\/#organization"},"potentialAction":[{"@type":"SearchAction","target":{"@type":"EntryPoint","urlTemplate":"https:\/\/bari-emballage.com\/production\/?s={search_term_string}"},"query-input":"required name=search_term_string"}],"inLanguage":"fr-FR"},{"@type":"Organization","@id":"https:\/\/bari-emballage.com\/production\/#organization","name":"BARI EMBALLAGE","url":"https:\/\/bari-emballage.com\/production\/","logo":{"@type":"ImageObject","inLanguage":"fr-FR","@id":"https:\/\/bari-emballage.com\/production\/#\/schema\/logo\/image\/","url":"https:\/\/bari-emballage.com\/production\/wp-content\/uploads\/2022\/02\/cropped-home-product-bg-2-2.png","contentUrl":"https:\/\/bari-emballage.com\/production\/wp-content\/uploads\/2022\/02\/cropped-home-product-bg-2-2.png","width":512,"height":512,"caption":"BARI EMBALLAGE"},"image":{"@id":"https:\/\/bari-emballage.com\/production\/#\/schema\/logo\/image\/"}}]}},"_links":{"self":[{"href":"https:\/\/bari-emballage.com\/production\/wp-json\/wp\/v2\/pages\/2833","targetHints":{"allow":["GET"]}}],"collection":[{"href":"https:\/\/bari-emballage.com\/production\/wp-json\/wp\/v2\/pages"}],"about":[{"href":"https:\/\/bari-emballage.com\/production\/wp-json\/wp\/v2\/types\/page"}],"author":[{"embeddable":true,"href":"https:\/\/bari-emballage.com\/production\/wp-json\/wp\/v2\/users\/1"}],"replies":[{"embeddable":true,"href":"https:\/\/bari-emballage.com\/production\/wp-json\/wp\/v2\/comments?post=2833"}],"version-history":[{"count":17,"href":"https:\/\/bari-emballage.com\/production\/wp-json\/wp\/v2\/pages\/2833\/revisions"}],"predecessor-version":[{"id":2986,"href":"https:\/\/bari-emballage.com\/production\/wp-json\/wp\/v2\/pages\/2833\/revisions\/2986"}],"wp:attachment":[{"href":"https:\/\/bari-emballage.com\/production\/wp-json\/wp\/v2\/media?parent=2833"}],"curies":[{"name":"wp","href":"https:\/\/api.w.org\/{rel}","templated":true}]}}