{"id":2064,"date":"2022-02-14T05:28:35","date_gmt":"2022-02-14T05:28:35","guid":{"rendered":"https:\/\/bari-emballage.com\/production\/?post_type=product&#038;p=2064"},"modified":"2023-05-03T12:23:44","modified_gmt":"2023-05-03T12:23:44","slug":"sac-en-papier-kraft-5","status":"publish","type":"product","link":"https:\/\/bari-emballage.com\/production\/produit\/sac-en-papier-kraft-5\/","title":{"rendered":"SAC EN PAPIER KRAFT ROUGE AVEC POIGNEE"},"content":{"rendered":null,"protected":false},"excerpt":{"rendered":"<p>Fabrication Alg\u00e9rienne: SAC EN PAPIER KRAFT ROUGE AVEC POIGNEE<\/p>\n<p>Emballage apte au contact alimentaire.<\/p>\n<p>Sac en KRAFT id\u00e9al pour votre boutique d\u2019habillement.<\/p>\n<p>Le papier kraft est tr\u00e8s appr\u00e9ci\u00e9 par les clients : aspect naturel et authentique !<\/p>\n<p>Plusieurs dimensions disponibles : adaptez vos sacs en fonction des produits que vous vendez ! \u00c9conomiques et intemporels !<\/p>\n<p>Dimension : 26 * 15 * 33<\/p>\n<p>Grammage 100<\/p>\n<p>Impression de votre\u00a0 LOGO\u00a0 est possible<\/p>\n","protected":false},"featured_media":3069,"comment_status":"open","ping_status":"closed","template":"","meta":[],"product_cat":[106],"product_tag":[],"class_list":["post-2064","product","type-product","status-publish","has-post-thumbnail","hentry","product_cat-shopping","pa_couleur-bleu","pa_couleur-brun","pa_couleur-noir","pa_couleur-rose","pa_couleur-rouge","pa_couleur-vert","pa_dimension-26-15-33","pa_grammage-100-gr"],"yoast_head":"<!-- This site is optimized with the Yoast SEO plugin v20.1 - https:\/\/yoast.com\/wordpress\/plugins\/seo\/ -->\n<title>SAC EN PAPIER KRAFT ROUGE AVEC POIGNEE - BARI EMBALLAGE<\/title>\n<meta name=\"robots\" content=\"index, follow, max-snippet:-1, max-image-preview:large, max-video-preview:-1\" \/>\n<link rel=\"canonical\" href=\"https:\/\/bari-emballage.com\/production\/produit\/sac-en-papier-kraft-5\/\" \/>\n<meta property=\"og:locale\" content=\"fr_FR\" \/>\n<meta property=\"og:type\" content=\"article\" \/>\n<meta property=\"og:title\" content=\"SAC EN PAPIER KRAFT ROUGE AVEC POIGNEE - BARI EMBALLAGE\" \/>\n<meta property=\"og:description\" content=\"Fabrication Alg\u00e9rienne: SAC EN PAPIER KRAFT ROUGE AVEC POIGNEE  Emballage apte au contact alimentaire.  Sac en KRAFT id\u00e9al pour votre boutique d\u2019habillement.  Le papier kraft est tr\u00e8s appr\u00e9ci\u00e9 par les clients : aspect naturel et authentique !  Plusieurs dimensions disponibles : adaptez vos sacs en fonction des produits que vous vendez ! \u00c9conomiques et intemporels !  Dimension : 26 * 15 * 33  Grammage 100  Impression de votre\u00a0 LOGO\u00a0 est possible\" \/>\n<meta property=\"og:url\" content=\"https:\/\/bari-emballage.com\/production\/produit\/sac-en-papier-kraft-5\/\" \/>\n<meta property=\"og:site_name\" content=\"BARI EMBALLAGE\" \/>\n<meta property=\"article:modified_time\" content=\"2023-05-03T12:23:44+00:00\" \/>\n<meta property=\"og:image\" content=\"https:\/\/bari-emballage.com\/production\/wp-content\/uploads\/2022\/02\/DSC00023-scaled.jpg\" \/>\n\t<meta property=\"og:image:width\" content=\"2048\" \/>\n\t<meta property=\"og:image:height\" content=\"2560\" \/>\n\t<meta property=\"og:image:type\" content=\"image\/jpeg\" \/>\n<meta name=\"twitter:card\" content=\"summary_large_image\" \/>\n<script type=\"application\/ld+json\" class=\"yoast-schema-graph\">{\"@context\":\"https:\/\/schema.org\",\"@graph\":[{\"@type\":\"WebPage\",\"@id\":\"https:\/\/bari-emballage.com\/production\/produit\/sac-en-papier-kraft-5\/\",\"url\":\"https:\/\/bari-emballage.com\/production\/produit\/sac-en-papier-kraft-5\/\",\"name\":\"SAC EN PAPIER KRAFT ROUGE AVEC POIGNEE - BARI EMBALLAGE\",\"isPartOf\":{\"@id\":\"https:\/\/bari-emballage.com\/production\/#website\"},\"datePublished\":\"2022-02-14T05:28:35+00:00\",\"dateModified\":\"2023-05-03T12:23:44+00:00\",\"breadcrumb\":{\"@id\":\"https:\/\/bari-emballage.com\/production\/produit\/sac-en-papier-kraft-5\/#breadcrumb\"},\"inLanguage\":\"fr-FR\",\"potentialAction\":[{\"@type\":\"ReadAction\",\"target\":[\"https:\/\/bari-emballage.com\/production\/produit\/sac-en-papier-kraft-5\/\"]}]},{\"@type\":\"BreadcrumbList\",\"@id\":\"https:\/\/bari-emballage.com\/production\/produit\/sac-en-papier-kraft-5\/#breadcrumb\",\"itemListElement\":[{\"@type\":\"ListItem\",\"position\":1,\"name\":\"Accueil\",\"item\":\"https:\/\/bari-emballage.com\/production\/\"},{\"@type\":\"ListItem\",\"position\":2,\"name\":\"Nos Produits\",\"item\":\"https:\/\/bari-emballage.com\/production\/nos-produits\/\"},{\"@type\":\"ListItem\",\"position\":3,\"name\":\"SAC EN PAPIER KRAFT ROUGE AVEC POIGNEE\"}]},{\"@type\":\"WebSite\",\"@id\":\"https:\/\/bari-emballage.com\/production\/#website\",\"url\":\"https:\/\/bari-emballage.com\/production\/\",\"name\":\"BARI EMBALLAGE\",\"description\":\"Leader du sac en papier publicitaire en Alg\u00e9rie\",\"publisher\":{\"@id\":\"https:\/\/bari-emballage.com\/production\/#organization\"},\"potentialAction\":[{\"@type\":\"SearchAction\",\"target\":{\"@type\":\"EntryPoint\",\"urlTemplate\":\"https:\/\/bari-emballage.com\/production\/?s={search_term_string}\"},\"query-input\":\"required name=search_term_string\"}],\"inLanguage\":\"fr-FR\"},{\"@type\":\"Organization\",\"@id\":\"https:\/\/bari-emballage.com\/production\/#organization\",\"name\":\"BARI EMBALLAGE\",\"url\":\"https:\/\/bari-emballage.com\/production\/\",\"logo\":{\"@type\":\"ImageObject\",\"inLanguage\":\"fr-FR\",\"@id\":\"https:\/\/bari-emballage.com\/production\/#\/schema\/logo\/image\/\",\"url\":\"https:\/\/bari-emballage.com\/production\/wp-content\/uploads\/2022\/02\/cropped-home-product-bg-2-2.png\",\"contentUrl\":\"https:\/\/bari-emballage.com\/production\/wp-content\/uploads\/2022\/02\/cropped-home-product-bg-2-2.png\",\"width\":512,\"height\":512,\"caption\":\"BARI EMBALLAGE\"},\"image\":{\"@id\":\"https:\/\/bari-emballage.com\/production\/#\/schema\/logo\/image\/\"}}]}<\/script>\n<!-- \/ Yoast SEO plugin. -->","yoast_head_json":{"title":"SAC EN PAPIER KRAFT ROUGE AVEC POIGNEE - BARI EMBALLAGE","robots":{"index":"index","follow":"follow","max-snippet":"max-snippet:-1","max-image-preview":"max-image-preview:large","max-video-preview":"max-video-preview:-1"},"canonical":"https:\/\/bari-emballage.com\/production\/produit\/sac-en-papier-kraft-5\/","og_locale":"fr_FR","og_type":"article","og_title":"SAC EN PAPIER KRAFT ROUGE AVEC POIGNEE - BARI EMBALLAGE","og_description":"Fabrication Alg\u00e9rienne: SAC EN PAPIER KRAFT ROUGE AVEC POIGNEE  Emballage apte au contact alimentaire.  Sac en KRAFT id\u00e9al pour votre boutique d\u2019habillement.  Le papier kraft est tr\u00e8s appr\u00e9ci\u00e9 par les clients : aspect naturel et authentique !  Plusieurs dimensions disponibles : adaptez vos sacs en fonction des produits que vous vendez ! \u00c9conomiques et intemporels !  Dimension : 26 * 15 * 33  Grammage 100  Impression de votre\u00a0 LOGO\u00a0 est possible","og_url":"https:\/\/bari-emballage.com\/production\/produit\/sac-en-papier-kraft-5\/","og_site_name":"BARI EMBALLAGE","article_modified_time":"2023-05-03T12:23:44+00:00","og_image":[{"width":2048,"height":2560,"url":"https:\/\/bari-emballage.com\/production\/wp-content\/uploads\/2022\/02\/DSC00023-scaled.jpg","type":"image\/jpeg"}],"twitter_card":"summary_large_image","schema":{"@context":"https:\/\/schema.org","@graph":[{"@type":"WebPage","@id":"https:\/\/bari-emballage.com\/production\/produit\/sac-en-papier-kraft-5\/","url":"https:\/\/bari-emballage.com\/production\/produit\/sac-en-papier-kraft-5\/","name":"SAC EN PAPIER KRAFT ROUGE AVEC POIGNEE - BARI EMBALLAGE","isPartOf":{"@id":"https:\/\/bari-emballage.com\/production\/#website"},"datePublished":"2022-02-14T05:28:35+00:00","dateModified":"2023-05-03T12:23:44+00:00","breadcrumb":{"@id":"https:\/\/bari-emballage.com\/production\/produit\/sac-en-papier-kraft-5\/#breadcrumb"},"inLanguage":"fr-FR","potentialAction":[{"@type":"ReadAction","target":["https:\/\/bari-emballage.com\/production\/produit\/sac-en-papier-kraft-5\/"]}]},{"@type":"BreadcrumbList","@id":"https:\/\/bari-emballage.com\/production\/produit\/sac-en-papier-kraft-5\/#breadcrumb","itemListElement":[{"@type":"ListItem","position":1,"name":"Accueil","item":"https:\/\/bari-emballage.com\/production\/"},{"@type":"ListItem","position":2,"name":"Nos Produits","item":"https:\/\/bari-emballage.com\/production\/nos-produits\/"},{"@type":"ListItem","position":3,"name":"SAC EN PAPIER KRAFT ROUGE AVEC POIGNEE"}]},{"@type":"WebSite","@id":"https:\/\/bari-emballage.com\/production\/#website","url":"https:\/\/bari-emballage.com\/production\/","name":"BARI EMBALLAGE","description":"Leader du sac en papier publicitaire en Alg\u00e9rie","publisher":{"@id":"https:\/\/bari-emballage.com\/production\/#organization"},"potentialAction":[{"@type":"SearchAction","target":{"@type":"EntryPoint","urlTemplate":"https:\/\/bari-emballage.com\/production\/?s={search_term_string}"},"query-input":"required name=search_term_string"}],"inLanguage":"fr-FR"},{"@type":"Organization","@id":"https:\/\/bari-emballage.com\/production\/#organization","name":"BARI EMBALLAGE","url":"https:\/\/bari-emballage.com\/production\/","logo":{"@type":"ImageObject","inLanguage":"fr-FR","@id":"https:\/\/bari-emballage.com\/production\/#\/schema\/logo\/image\/","url":"https:\/\/bari-emballage.com\/production\/wp-content\/uploads\/2022\/02\/cropped-home-product-bg-2-2.png","contentUrl":"https:\/\/bari-emballage.com\/production\/wp-content\/uploads\/2022\/02\/cropped-home-product-bg-2-2.png","width":512,"height":512,"caption":"BARI EMBALLAGE"},"image":{"@id":"https:\/\/bari-emballage.com\/production\/#\/schema\/logo\/image\/"}}]}},"_links":{"self":[{"href":"https:\/\/bari-emballage.com\/production\/wp-json\/wp\/v2\/product\/2064","targetHints":{"allow":["GET"]}}],"collection":[{"href":"https:\/\/bari-emballage.com\/production\/wp-json\/wp\/v2\/product"}],"about":[{"href":"https:\/\/bari-emballage.com\/production\/wp-json\/wp\/v2\/types\/product"}],"replies":[{"embeddable":true,"href":"https:\/\/bari-emballage.com\/production\/wp-json\/wp\/v2\/comments?post=2064"}],"wp:featuredmedia":[{"embeddable":true,"href":"https:\/\/bari-emballage.com\/production\/wp-json\/wp\/v2\/media\/3069"}],"wp:attachment":[{"href":"https:\/\/bari-emballage.com\/production\/wp-json\/wp\/v2\/media?parent=2064"}],"wp:term":[{"taxonomy":"product_cat","embeddable":true,"href":"https:\/\/bari-emballage.com\/production\/wp-json\/wp\/v2\/product_cat?post=2064"},{"taxonomy":"product_tag","embeddable":true,"href":"https:\/\/bari-emballage.com\/production\/wp-json\/wp\/v2\/product_tag?post=2064"}],"curies":[{"name":"wp","href":"https:\/\/api.w.org\/{rel}","templated":true}]}}