{"id":2223,"date":"2022-02-16T07:33:10","date_gmt":"2022-02-16T07:33:10","guid":{"rendered":"https:\/\/bari-emballage.com\/production\/?post_type=product&#038;p=2223"},"modified":"2024-11-10T01:17:04","modified_gmt":"2024-11-10T01:17:04","slug":"28-16-33","status":"publish","type":"product","link":"https:\/\/bari-emballage.com\/production\/produit\/28-16-33\/","title":{"rendered":"SAC EN PAPIER KRAFT  BLANC SANS POIGNEE"},"content":{"rendered":null,"protected":false},"excerpt":{"rendered":"<p>Fabrication Alg\u00e9rienne: sacs en papier kraft sans poign\u00e9es<\/p>\n<p>Emballage apte au contact alimentaire.<\/p>\n<p>Le papier kraft est tr\u00e8s appr\u00e9ci\u00e9 par les clients : aspect naturel et authentique !<\/p>\n<p>Plusieurs dimensions disponibles : adaptez vos sacs en fonction des produits que vous vendez ! \u00c9conomiques et intemporels !<\/p>\n<p>Dimension : 28 * 16 * 33<\/p>\n<p>Grammage 100<\/p>\n<p>Impression de votre\u00a0 LOGO\u00a0 est possible<\/p>\n","protected":false},"featured_media":3107,"comment_status":"open","ping_status":"closed","template":"","meta":[],"product_cat":[110],"product_tag":[],"class_list":["post-2223","product","type-product","status-publish","has-post-thumbnail","hentry","product_cat-emballage-alimentaire"],"yoast_head":"<!-- This site is optimized with the Yoast SEO plugin v20.1 - https:\/\/yoast.com\/wordpress\/plugins\/seo\/ -->\n<title>SAC EN PAPIER KRAFT BLANC SANS POIGNEE - BARI EMBALLAGE<\/title>\n<meta name=\"robots\" content=\"index, follow, max-snippet:-1, max-image-preview:large, max-video-preview:-1\" \/>\n<link rel=\"canonical\" href=\"https:\/\/bari-emballage.com\/production\/produit\/28-16-33\/\" \/>\n<meta property=\"og:locale\" content=\"fr_FR\" \/>\n<meta property=\"og:type\" content=\"article\" \/>\n<meta property=\"og:title\" content=\"SAC EN PAPIER KRAFT BLANC SANS POIGNEE - BARI EMBALLAGE\" \/>\n<meta property=\"og:description\" content=\"Fabrication Alg\u00e9rienne: sacs en papier kraft sans poign\u00e9es  Emballage apte au contact alimentaire.  Le papier kraft est tr\u00e8s appr\u00e9ci\u00e9 par les clients : aspect naturel et authentique !  Plusieurs dimensions disponibles : adaptez vos sacs en fonction des produits que vous vendez ! \u00c9conomiques et intemporels !  Dimension : 28 * 16 * 33  Grammage 100  Impression de votre\u00a0 LOGO\u00a0 est possible\" \/>\n<meta property=\"og:url\" content=\"https:\/\/bari-emballage.com\/production\/produit\/28-16-33\/\" \/>\n<meta property=\"og:site_name\" content=\"BARI EMBALLAGE\" \/>\n<meta property=\"article:modified_time\" content=\"2024-11-10T01:17:04+00:00\" \/>\n<meta property=\"og:image\" content=\"https:\/\/bari-emballage.com\/production\/wp-content\/uploads\/2022\/02\/DSC00061-scaled.jpg\" \/>\n\t<meta property=\"og:image:width\" content=\"2560\" \/>\n\t<meta property=\"og:image:height\" content=\"2560\" \/>\n\t<meta property=\"og:image:type\" content=\"image\/jpeg\" \/>\n<meta name=\"twitter:card\" content=\"summary_large_image\" \/>\n<script type=\"application\/ld+json\" class=\"yoast-schema-graph\">{\"@context\":\"https:\/\/schema.org\",\"@graph\":[{\"@type\":\"WebPage\",\"@id\":\"https:\/\/bari-emballage.com\/production\/produit\/28-16-33\/\",\"url\":\"https:\/\/bari-emballage.com\/production\/produit\/28-16-33\/\",\"name\":\"SAC EN PAPIER KRAFT BLANC SANS POIGNEE - BARI EMBALLAGE\",\"isPartOf\":{\"@id\":\"https:\/\/bari-emballage.com\/production\/#website\"},\"datePublished\":\"2022-02-16T07:33:10+00:00\",\"dateModified\":\"2024-11-10T01:17:04+00:00\",\"breadcrumb\":{\"@id\":\"https:\/\/bari-emballage.com\/production\/produit\/28-16-33\/#breadcrumb\"},\"inLanguage\":\"fr-FR\",\"potentialAction\":[{\"@type\":\"ReadAction\",\"target\":[\"https:\/\/bari-emballage.com\/production\/produit\/28-16-33\/\"]}]},{\"@type\":\"BreadcrumbList\",\"@id\":\"https:\/\/bari-emballage.com\/production\/produit\/28-16-33\/#breadcrumb\",\"itemListElement\":[{\"@type\":\"ListItem\",\"position\":1,\"name\":\"Accueil\",\"item\":\"https:\/\/bari-emballage.com\/production\/\"},{\"@type\":\"ListItem\",\"position\":2,\"name\":\"Nos Produits\",\"item\":\"https:\/\/bari-emballage.com\/production\/nos-produits\/\"},{\"@type\":\"ListItem\",\"position\":3,\"name\":\"SAC EN PAPIER KRAFT BLANC SANS POIGNEE\"}]},{\"@type\":\"WebSite\",\"@id\":\"https:\/\/bari-emballage.com\/production\/#website\",\"url\":\"https:\/\/bari-emballage.com\/production\/\",\"name\":\"BARI EMBALLAGE\",\"description\":\"Leader du sac en papier publicitaire en Alg\u00e9rie\",\"publisher\":{\"@id\":\"https:\/\/bari-emballage.com\/production\/#organization\"},\"potentialAction\":[{\"@type\":\"SearchAction\",\"target\":{\"@type\":\"EntryPoint\",\"urlTemplate\":\"https:\/\/bari-emballage.com\/production\/?s={search_term_string}\"},\"query-input\":\"required name=search_term_string\"}],\"inLanguage\":\"fr-FR\"},{\"@type\":\"Organization\",\"@id\":\"https:\/\/bari-emballage.com\/production\/#organization\",\"name\":\"BARI EMBALLAGE\",\"url\":\"https:\/\/bari-emballage.com\/production\/\",\"logo\":{\"@type\":\"ImageObject\",\"inLanguage\":\"fr-FR\",\"@id\":\"https:\/\/bari-emballage.com\/production\/#\/schema\/logo\/image\/\",\"url\":\"https:\/\/bari-emballage.com\/production\/wp-content\/uploads\/2022\/02\/cropped-home-product-bg-2-2.png\",\"contentUrl\":\"https:\/\/bari-emballage.com\/production\/wp-content\/uploads\/2022\/02\/cropped-home-product-bg-2-2.png\",\"width\":512,\"height\":512,\"caption\":\"BARI EMBALLAGE\"},\"image\":{\"@id\":\"https:\/\/bari-emballage.com\/production\/#\/schema\/logo\/image\/\"}}]}<\/script>\n<!-- \/ Yoast SEO plugin. -->","yoast_head_json":{"title":"SAC EN PAPIER KRAFT BLANC SANS POIGNEE - BARI EMBALLAGE","robots":{"index":"index","follow":"follow","max-snippet":"max-snippet:-1","max-image-preview":"max-image-preview:large","max-video-preview":"max-video-preview:-1"},"canonical":"https:\/\/bari-emballage.com\/production\/produit\/28-16-33\/","og_locale":"fr_FR","og_type":"article","og_title":"SAC EN PAPIER KRAFT BLANC SANS POIGNEE - BARI EMBALLAGE","og_description":"Fabrication Alg\u00e9rienne: sacs en papier kraft sans poign\u00e9es  Emballage apte au contact alimentaire.  Le papier kraft est tr\u00e8s appr\u00e9ci\u00e9 par les clients : aspect naturel et authentique !  Plusieurs dimensions disponibles : adaptez vos sacs en fonction des produits que vous vendez ! \u00c9conomiques et intemporels !  Dimension : 28 * 16 * 33  Grammage 100  Impression de votre\u00a0 LOGO\u00a0 est possible","og_url":"https:\/\/bari-emballage.com\/production\/produit\/28-16-33\/","og_site_name":"BARI EMBALLAGE","article_modified_time":"2024-11-10T01:17:04+00:00","og_image":[{"width":2560,"height":2560,"url":"https:\/\/bari-emballage.com\/production\/wp-content\/uploads\/2022\/02\/DSC00061-scaled.jpg","type":"image\/jpeg"}],"twitter_card":"summary_large_image","schema":{"@context":"https:\/\/schema.org","@graph":[{"@type":"WebPage","@id":"https:\/\/bari-emballage.com\/production\/produit\/28-16-33\/","url":"https:\/\/bari-emballage.com\/production\/produit\/28-16-33\/","name":"SAC EN PAPIER KRAFT BLANC SANS POIGNEE - BARI EMBALLAGE","isPartOf":{"@id":"https:\/\/bari-emballage.com\/production\/#website"},"datePublished":"2022-02-16T07:33:10+00:00","dateModified":"2024-11-10T01:17:04+00:00","breadcrumb":{"@id":"https:\/\/bari-emballage.com\/production\/produit\/28-16-33\/#breadcrumb"},"inLanguage":"fr-FR","potentialAction":[{"@type":"ReadAction","target":["https:\/\/bari-emballage.com\/production\/produit\/28-16-33\/"]}]},{"@type":"BreadcrumbList","@id":"https:\/\/bari-emballage.com\/production\/produit\/28-16-33\/#breadcrumb","itemListElement":[{"@type":"ListItem","position":1,"name":"Accueil","item":"https:\/\/bari-emballage.com\/production\/"},{"@type":"ListItem","position":2,"name":"Nos Produits","item":"https:\/\/bari-emballage.com\/production\/nos-produits\/"},{"@type":"ListItem","position":3,"name":"SAC EN PAPIER KRAFT BLANC SANS POIGNEE"}]},{"@type":"WebSite","@id":"https:\/\/bari-emballage.com\/production\/#website","url":"https:\/\/bari-emballage.com\/production\/","name":"BARI EMBALLAGE","description":"Leader du sac en papier publicitaire en Alg\u00e9rie","publisher":{"@id":"https:\/\/bari-emballage.com\/production\/#organization"},"potentialAction":[{"@type":"SearchAction","target":{"@type":"EntryPoint","urlTemplate":"https:\/\/bari-emballage.com\/production\/?s={search_term_string}"},"query-input":"required name=search_term_string"}],"inLanguage":"fr-FR"},{"@type":"Organization","@id":"https:\/\/bari-emballage.com\/production\/#organization","name":"BARI EMBALLAGE","url":"https:\/\/bari-emballage.com\/production\/","logo":{"@type":"ImageObject","inLanguage":"fr-FR","@id":"https:\/\/bari-emballage.com\/production\/#\/schema\/logo\/image\/","url":"https:\/\/bari-emballage.com\/production\/wp-content\/uploads\/2022\/02\/cropped-home-product-bg-2-2.png","contentUrl":"https:\/\/bari-emballage.com\/production\/wp-content\/uploads\/2022\/02\/cropped-home-product-bg-2-2.png","width":512,"height":512,"caption":"BARI EMBALLAGE"},"image":{"@id":"https:\/\/bari-emballage.com\/production\/#\/schema\/logo\/image\/"}}]}},"_links":{"self":[{"href":"https:\/\/bari-emballage.com\/production\/wp-json\/wp\/v2\/product\/2223","targetHints":{"allow":["GET"]}}],"collection":[{"href":"https:\/\/bari-emballage.com\/production\/wp-json\/wp\/v2\/product"}],"about":[{"href":"https:\/\/bari-emballage.com\/production\/wp-json\/wp\/v2\/types\/product"}],"replies":[{"embeddable":true,"href":"https:\/\/bari-emballage.com\/production\/wp-json\/wp\/v2\/comments?post=2223"}],"wp:featuredmedia":[{"embeddable":true,"href":"https:\/\/bari-emballage.com\/production\/wp-json\/wp\/v2\/media\/3107"}],"wp:attachment":[{"href":"https:\/\/bari-emballage.com\/production\/wp-json\/wp\/v2\/media?parent=2223"}],"wp:term":[{"taxonomy":"product_cat","embeddable":true,"href":"https:\/\/bari-emballage.com\/production\/wp-json\/wp\/v2\/product_cat?post=2223"},{"taxonomy":"product_tag","embeddable":true,"href":"https:\/\/bari-emballage.com\/production\/wp-json\/wp\/v2\/product_tag?post=2223"}],"curies":[{"name":"wp","href":"https:\/\/api.w.org\/{rel}","templated":true}]}}