{"id":3247,"date":"2023-05-10T09:23:49","date_gmt":"2023-05-10T09:23:49","guid":{"rendered":"https:\/\/bari-emballage.com\/production\/?post_type=product&#038;p=3247"},"modified":"2024-11-09T22:11:05","modified_gmt":"2024-11-09T22:11:05","slug":"sac-en-papier-kraft-rouge-personnalise-avec-poignee","status":"publish","type":"product","link":"https:\/\/bari-emballage.com\/production\/produit\/sac-en-papier-kraft-rouge-personnalise-avec-poignee\/","title":{"rendered":"SAC EN PAPIER KRAFT ROUGE PERSONNALIS\u00c9 AVEC POIGNEE"},"content":{"rendered":null,"protected":false},"excerpt":{"rendered":"<p>Transportez vos articles avec style et respect de l&#8217;environnement gr\u00e2ce \u00e0 notre sac en papier kraft rouge personnalis\u00e9 avec poign\u00e9e. Fabriqu\u00e9 \u00e0 partir de mat\u00e9riaux de haute qualit\u00e9, ce sac offre une r\u00e9sistance optimale pour un usage quotidien. Personnalisez-le avec votre logo pour une visibilit\u00e9 maximale de votre entreprise.<\/p>\n<p>Le papier kraft utilis\u00e9 pour la fabrication de nos sacs est 100% recyclable et biod\u00e9gradable, ce qui en fait une alternative \u00e9cologique et durable aux sacs en plastique. Avec ses poign\u00e9es solides, ce sac est pratique pour transporter des articles de toutes sortes.<\/p>\n<p>Le design naturel et lisse de ce sac en fait une option \u00e9l\u00e9gante pour promouvoir votre marque. Utilisez-le lors de vos \u00e9v\u00e9nements promotionnels ou offrez-le comme cadeau d&#8217;entreprise pour une visibilit\u00e9 accrue de votre entreprise. Optez pour un choix respectueux de l&#8217;environnement et personnalis\u00e9 avec notre sac en papier kraft rouge personnalis\u00e9 avec poign\u00e9e.<\/p>\n","protected":false},"featured_media":3228,"comment_status":"open","ping_status":"closed","template":"","meta":[],"product_cat":[107],"product_tag":[],"class_list":["post-3247","product","type-product","status-publish","has-post-thumbnail","hentry","product_cat-publicitaire-cadeaux","pa_couleur-bleu","pa_couleur-brun","pa_couleur-noir","pa_couleur-rose","pa_couleur-rouge","pa_couleur-vert","pa_dimension-26-15-33","pa_grammage-100-gr"],"yoast_head":"<!-- This site is optimized with the Yoast SEO plugin v20.1 - https:\/\/yoast.com\/wordpress\/plugins\/seo\/ -->\n<title>SAC EN PAPIER KRAFT ROUGE PERSONNALIS\u00c9 AVEC POIGNEE - BARI EMBALLAGE<\/title>\n<meta name=\"robots\" content=\"index, follow, max-snippet:-1, max-image-preview:large, max-video-preview:-1\" \/>\n<link rel=\"canonical\" href=\"https:\/\/bari-emballage.com\/production\/produit\/sac-en-papier-kraft-rouge-personnalise-avec-poignee\/\" \/>\n<meta property=\"og:locale\" content=\"fr_FR\" \/>\n<meta property=\"og:type\" content=\"article\" \/>\n<meta property=\"og:title\" content=\"SAC EN PAPIER KRAFT ROUGE PERSONNALIS\u00c9 AVEC POIGNEE - BARI EMBALLAGE\" \/>\n<meta property=\"og:description\" content=\"Transportez vos articles avec style et respect de l&#039;environnement gr\u00e2ce \u00e0 notre sac en papier kraft rouge personnalis\u00e9 avec poign\u00e9e. Fabriqu\u00e9 \u00e0 partir de mat\u00e9riaux de haute qualit\u00e9, ce sac offre une r\u00e9sistance optimale pour un usage quotidien. Personnalisez-le avec votre logo pour une visibilit\u00e9 maximale de votre entreprise.  Le papier kraft utilis\u00e9 pour la fabrication de nos sacs est 100% recyclable et biod\u00e9gradable, ce qui en fait une alternative \u00e9cologique et durable aux sacs en plastique. Avec ses poign\u00e9es solides, ce sac est pratique pour transporter des articles de toutes sortes.  Le design naturel et lisse de ce sac en fait une option \u00e9l\u00e9gante pour promouvoir votre marque. Utilisez-le lors de vos \u00e9v\u00e9nements promotionnels ou offrez-le comme cadeau d&#039;entreprise pour une visibilit\u00e9 accrue de votre entreprise. Optez pour un choix respectueux de l&#039;environnement et personnalis\u00e9 avec notre sac en papier kraft rouge personnalis\u00e9 avec poign\u00e9e.\" \/>\n<meta property=\"og:url\" content=\"https:\/\/bari-emballage.com\/production\/produit\/sac-en-papier-kraft-rouge-personnalise-avec-poignee\/\" \/>\n<meta property=\"og:site_name\" content=\"BARI EMBALLAGE\" \/>\n<meta property=\"article:modified_time\" content=\"2024-11-09T22:11:05+00:00\" \/>\n<meta property=\"og:image\" content=\"https:\/\/bari-emballage.com\/production\/wp-content\/uploads\/2023\/05\/4-2.png\" \/>\n\t<meta property=\"og:image:width\" content=\"800\" \/>\n\t<meta property=\"og:image:height\" content=\"800\" \/>\n\t<meta property=\"og:image:type\" content=\"image\/png\" \/>\n<meta name=\"twitter:card\" content=\"summary_large_image\" \/>\n<script type=\"application\/ld+json\" class=\"yoast-schema-graph\">{\"@context\":\"https:\/\/schema.org\",\"@graph\":[{\"@type\":\"WebPage\",\"@id\":\"https:\/\/bari-emballage.com\/production\/produit\/sac-en-papier-kraft-rouge-personnalise-avec-poignee\/\",\"url\":\"https:\/\/bari-emballage.com\/production\/produit\/sac-en-papier-kraft-rouge-personnalise-avec-poignee\/\",\"name\":\"SAC EN PAPIER KRAFT ROUGE PERSONNALIS\u00c9 AVEC POIGNEE - BARI EMBALLAGE\",\"isPartOf\":{\"@id\":\"https:\/\/bari-emballage.com\/production\/#website\"},\"datePublished\":\"2023-05-10T09:23:49+00:00\",\"dateModified\":\"2024-11-09T22:11:05+00:00\",\"breadcrumb\":{\"@id\":\"https:\/\/bari-emballage.com\/production\/produit\/sac-en-papier-kraft-rouge-personnalise-avec-poignee\/#breadcrumb\"},\"inLanguage\":\"fr-FR\",\"potentialAction\":[{\"@type\":\"ReadAction\",\"target\":[\"https:\/\/bari-emballage.com\/production\/produit\/sac-en-papier-kraft-rouge-personnalise-avec-poignee\/\"]}]},{\"@type\":\"BreadcrumbList\",\"@id\":\"https:\/\/bari-emballage.com\/production\/produit\/sac-en-papier-kraft-rouge-personnalise-avec-poignee\/#breadcrumb\",\"itemListElement\":[{\"@type\":\"ListItem\",\"position\":1,\"name\":\"Accueil\",\"item\":\"https:\/\/bari-emballage.com\/production\/\"},{\"@type\":\"ListItem\",\"position\":2,\"name\":\"Nos Produits\",\"item\":\"https:\/\/bari-emballage.com\/production\/nos-produits\/\"},{\"@type\":\"ListItem\",\"position\":3,\"name\":\"SAC EN PAPIER KRAFT ROUGE PERSONNALIS\u00c9 AVEC POIGNEE\"}]},{\"@type\":\"WebSite\",\"@id\":\"https:\/\/bari-emballage.com\/production\/#website\",\"url\":\"https:\/\/bari-emballage.com\/production\/\",\"name\":\"BARI EMBALLAGE\",\"description\":\"Leader du sac en papier publicitaire en Alg\u00e9rie\",\"publisher\":{\"@id\":\"https:\/\/bari-emballage.com\/production\/#organization\"},\"potentialAction\":[{\"@type\":\"SearchAction\",\"target\":{\"@type\":\"EntryPoint\",\"urlTemplate\":\"https:\/\/bari-emballage.com\/production\/?s={search_term_string}\"},\"query-input\":\"required name=search_term_string\"}],\"inLanguage\":\"fr-FR\"},{\"@type\":\"Organization\",\"@id\":\"https:\/\/bari-emballage.com\/production\/#organization\",\"name\":\"BARI EMBALLAGE\",\"url\":\"https:\/\/bari-emballage.com\/production\/\",\"logo\":{\"@type\":\"ImageObject\",\"inLanguage\":\"fr-FR\",\"@id\":\"https:\/\/bari-emballage.com\/production\/#\/schema\/logo\/image\/\",\"url\":\"https:\/\/bari-emballage.com\/production\/wp-content\/uploads\/2022\/02\/cropped-home-product-bg-2-2.png\",\"contentUrl\":\"https:\/\/bari-emballage.com\/production\/wp-content\/uploads\/2022\/02\/cropped-home-product-bg-2-2.png\",\"width\":512,\"height\":512,\"caption\":\"BARI EMBALLAGE\"},\"image\":{\"@id\":\"https:\/\/bari-emballage.com\/production\/#\/schema\/logo\/image\/\"}}]}<\/script>\n<!-- \/ Yoast SEO plugin. -->","yoast_head_json":{"title":"SAC EN PAPIER KRAFT ROUGE PERSONNALIS\u00c9 AVEC POIGNEE - BARI EMBALLAGE","robots":{"index":"index","follow":"follow","max-snippet":"max-snippet:-1","max-image-preview":"max-image-preview:large","max-video-preview":"max-video-preview:-1"},"canonical":"https:\/\/bari-emballage.com\/production\/produit\/sac-en-papier-kraft-rouge-personnalise-avec-poignee\/","og_locale":"fr_FR","og_type":"article","og_title":"SAC EN PAPIER KRAFT ROUGE PERSONNALIS\u00c9 AVEC POIGNEE - BARI EMBALLAGE","og_description":"Transportez vos articles avec style et respect de l'environnement gr\u00e2ce \u00e0 notre sac en papier kraft rouge personnalis\u00e9 avec poign\u00e9e. Fabriqu\u00e9 \u00e0 partir de mat\u00e9riaux de haute qualit\u00e9, ce sac offre une r\u00e9sistance optimale pour un usage quotidien. Personnalisez-le avec votre logo pour une visibilit\u00e9 maximale de votre entreprise.  Le papier kraft utilis\u00e9 pour la fabrication de nos sacs est 100% recyclable et biod\u00e9gradable, ce qui en fait une alternative \u00e9cologique et durable aux sacs en plastique. Avec ses poign\u00e9es solides, ce sac est pratique pour transporter des articles de toutes sortes.  Le design naturel et lisse de ce sac en fait une option \u00e9l\u00e9gante pour promouvoir votre marque. Utilisez-le lors de vos \u00e9v\u00e9nements promotionnels ou offrez-le comme cadeau d'entreprise pour une visibilit\u00e9 accrue de votre entreprise. Optez pour un choix respectueux de l'environnement et personnalis\u00e9 avec notre sac en papier kraft rouge personnalis\u00e9 avec poign\u00e9e.","og_url":"https:\/\/bari-emballage.com\/production\/produit\/sac-en-papier-kraft-rouge-personnalise-avec-poignee\/","og_site_name":"BARI EMBALLAGE","article_modified_time":"2024-11-09T22:11:05+00:00","og_image":[{"width":800,"height":800,"url":"https:\/\/bari-emballage.com\/production\/wp-content\/uploads\/2023\/05\/4-2.png","type":"image\/png"}],"twitter_card":"summary_large_image","schema":{"@context":"https:\/\/schema.org","@graph":[{"@type":"WebPage","@id":"https:\/\/bari-emballage.com\/production\/produit\/sac-en-papier-kraft-rouge-personnalise-avec-poignee\/","url":"https:\/\/bari-emballage.com\/production\/produit\/sac-en-papier-kraft-rouge-personnalise-avec-poignee\/","name":"SAC EN PAPIER KRAFT ROUGE PERSONNALIS\u00c9 AVEC POIGNEE - BARI EMBALLAGE","isPartOf":{"@id":"https:\/\/bari-emballage.com\/production\/#website"},"datePublished":"2023-05-10T09:23:49+00:00","dateModified":"2024-11-09T22:11:05+00:00","breadcrumb":{"@id":"https:\/\/bari-emballage.com\/production\/produit\/sac-en-papier-kraft-rouge-personnalise-avec-poignee\/#breadcrumb"},"inLanguage":"fr-FR","potentialAction":[{"@type":"ReadAction","target":["https:\/\/bari-emballage.com\/production\/produit\/sac-en-papier-kraft-rouge-personnalise-avec-poignee\/"]}]},{"@type":"BreadcrumbList","@id":"https:\/\/bari-emballage.com\/production\/produit\/sac-en-papier-kraft-rouge-personnalise-avec-poignee\/#breadcrumb","itemListElement":[{"@type":"ListItem","position":1,"name":"Accueil","item":"https:\/\/bari-emballage.com\/production\/"},{"@type":"ListItem","position":2,"name":"Nos Produits","item":"https:\/\/bari-emballage.com\/production\/nos-produits\/"},{"@type":"ListItem","position":3,"name":"SAC EN PAPIER KRAFT ROUGE PERSONNALIS\u00c9 AVEC POIGNEE"}]},{"@type":"WebSite","@id":"https:\/\/bari-emballage.com\/production\/#website","url":"https:\/\/bari-emballage.com\/production\/","name":"BARI EMBALLAGE","description":"Leader du sac en papier publicitaire en Alg\u00e9rie","publisher":{"@id":"https:\/\/bari-emballage.com\/production\/#organization"},"potentialAction":[{"@type":"SearchAction","target":{"@type":"EntryPoint","urlTemplate":"https:\/\/bari-emballage.com\/production\/?s={search_term_string}"},"query-input":"required name=search_term_string"}],"inLanguage":"fr-FR"},{"@type":"Organization","@id":"https:\/\/bari-emballage.com\/production\/#organization","name":"BARI EMBALLAGE","url":"https:\/\/bari-emballage.com\/production\/","logo":{"@type":"ImageObject","inLanguage":"fr-FR","@id":"https:\/\/bari-emballage.com\/production\/#\/schema\/logo\/image\/","url":"https:\/\/bari-emballage.com\/production\/wp-content\/uploads\/2022\/02\/cropped-home-product-bg-2-2.png","contentUrl":"https:\/\/bari-emballage.com\/production\/wp-content\/uploads\/2022\/02\/cropped-home-product-bg-2-2.png","width":512,"height":512,"caption":"BARI EMBALLAGE"},"image":{"@id":"https:\/\/bari-emballage.com\/production\/#\/schema\/logo\/image\/"}}]}},"_links":{"self":[{"href":"https:\/\/bari-emballage.com\/production\/wp-json\/wp\/v2\/product\/3247","targetHints":{"allow":["GET"]}}],"collection":[{"href":"https:\/\/bari-emballage.com\/production\/wp-json\/wp\/v2\/product"}],"about":[{"href":"https:\/\/bari-emballage.com\/production\/wp-json\/wp\/v2\/types\/product"}],"replies":[{"embeddable":true,"href":"https:\/\/bari-emballage.com\/production\/wp-json\/wp\/v2\/comments?post=3247"}],"wp:featuredmedia":[{"embeddable":true,"href":"https:\/\/bari-emballage.com\/production\/wp-json\/wp\/v2\/media\/3228"}],"wp:attachment":[{"href":"https:\/\/bari-emballage.com\/production\/wp-json\/wp\/v2\/media?parent=3247"}],"wp:term":[{"taxonomy":"product_cat","embeddable":true,"href":"https:\/\/bari-emballage.com\/production\/wp-json\/wp\/v2\/product_cat?post=3247"},{"taxonomy":"product_tag","embeddable":true,"href":"https:\/\/bari-emballage.com\/production\/wp-json\/wp\/v2\/product_tag?post=3247"}],"curies":[{"name":"wp","href":"https:\/\/api.w.org\/{rel}","templated":true}]}}